{"id":16,"date":"2024-05-22T13:40:16","date_gmt":"2024-05-22T13:40:16","guid":{"rendered":"https:\/\/startersites.io\/blocksy\/furniture\/?page_id=16"},"modified":"2025-04-05T21:46:08","modified_gmt":"2025-04-05T19:46:08","slug":"about","status":"publish","type":"page","link":"https:\/\/campare.net\/de\/about\/","title":{"rendered":"\u00dcber uns"},"content":{"rendered":"<div class=\"wp-block-greenshift-blocks-container alignwide gspb_container gspb_container-gsbp-bdd2e83\" id=\"gspb_container-id-gsbp-bdd2e83\"><div class=\"gspb_backgroundOverlay\"><\/div><h2 style=\"margin-top:0;\" class=\"ct-dynamic-data wp-elements-f81743ea2a408759fd06141c4c623161 has-text-color has-white-color has-large-font-size\">\u00dcber uns<\/h2>\n\n<\/div>\n\n\n\n<h3 id=\"gspb_heading-id-gsbp-55f1c58\" class=\"gspb_heading gspb_heading-id-gsbp-55f1c58\">Wo campen wir heute Abend?<\/h3>\n\n\n\n<div class=\"wp-block-greenshift-blocks-row gspb_row gspb_row-id-gsbp-0537563 gspb_row--gutter-custom-0\" id=\"gspb_row-id-gsbp-0537563\"><div class=\"gspb_row__content\"> \n<div class=\"wp-block-greenshift-blocks-row-column gspb_row__col--6 gspb_col-id-gsbp-bbce5a3\" id=\"gspb_col-id-gsbp-bbce5a3\">\n<div id=\"gspb_text-id-gsbp-d53ce0e\" class=\"gspb_text gspb_text-id-gsbp-d53ce0e\">Camping hei\u00dft Natur genie\u00dfen, nicht Stress mit der \u00dcbernachtung.  Doch die Suche nach dem idealen Stellplatz f\u00fcr Camper, Wohnmobil oder Zelt kann schwierig sein.  Der Markt ist voll mit Apps, Websites und B\u00fcchern, die alle das Beste versprechen.  Wie trifft man die richtige Wahl? <\/div>\n<\/div>\n\n\n\n<div class=\"wp-block-greenshift-blocks-row-column gspb_row__col--6 gspb_col-id-gsbp-6e88949\" id=\"gspb_col-id-gsbp-6e88949\">\n<div id=\"gspb_text-id-gsbp-dddf9a5\" class=\"gspb_text gspb_text-id-gsbp-dddf9a5\">Wir hatten genug vom zeitaufw\u00e4ndigen Suchen nach dem passenden Camping-Tool. Deshalb haben wir diese Seite entwickelt: Dein einfacher Weg zum Vergleich verschiedener Produkte. Wir bringen Klarheit und helfen Dir, schnell das perfekte Tool f\u00fcr Deine Bed\u00fcrfnisse zu finden.<\/div>\n<\/div>\n <\/div><\/div>\n\n\n\n<div class=\"wp-block-greenshift-blocks-row gspb_row gspb_row-id-gsbp-3db5d8d gspb_row--gutter-custom-0\" id=\"gspb_row-id-gsbp-3db5d8d\"><div class=\"gspb_row__content\"> \n<div class=\"wp-block-greenshift-blocks-row-column gspb_row__col--6 gspb_col-id-gsbp-197f00e\" id=\"gspb_col-id-gsbp-197f00e\">\n<div id=\"gspb_text-id-gsbp-89d017c\" class=\"gspb_text gspb_text-id-gsbp-89d017c translation-block\">Um zu erfahren, wie wir Campingoptionen bewerten und vergleichen, findest Du hier eine \u00dcbersicht unserer <a href=\"\/de\/kriterien\/\" target=\"_self\">Vergleichskriterien<\/a>.<\/div>\n<\/div>\n\n\n\n<div class=\"wp-block-greenshift-blocks-row-column gspb_row__col--6 gspb_col-id-gsbp-b636ecf\" id=\"gspb_col-id-gsbp-b636ecf\">\n<div id=\"gspb_text-id-gsbp-c1384dd\" class=\"gspb_text gspb_text-id-gsbp-c1384dd\"><\/div>\n<\/div>\n <\/div><\/div>\n\n\n\n<div class=\"wp-block-greenshift-blocks-row gspb_row gspb_row-id-gsbp-472aee0 gspb_row--gutter-custom-0\" id=\"gspb_row-id-gsbp-472aee0\"><div class=\"gspb_row__content\"> \n<div class=\"wp-block-greenshift-blocks-row-column gspb_row__col--6 gspb_col-id-gsbp-7cd92c2\" id=\"gspb_col-id-gsbp-7cd92c2\">\n<h3 id=\"gspb_heading-id-gsbp-3e538a3\" class=\"gspb_heading gspb_heading-id-gsbp-3e538a3\">Clever campen<\/h3>\n\n\n\n<div id=\"gspb_text-id-gsbp-97564a5\" class=\"gspb_text gspb_text-id-gsbp-97564a5\">Explore our comparison database and find the perfect product for your next camping trip. Camping + Compare = CampAre<\/div>\n\n\n\n<div class=\"gspb_button_wrapper gspb_button-id-gsbp-489e23f\" id=\"gspb_button-id-gsbp-489e23f\"><a class=\"wp-block-greenshift-blocks-buttonbox gspb-buttonbox wp-element-button\" href=\"\/de\/products\/\" rel=\"noopener\"><span class=\"gspb-buttonbox-textwrap\"><span class=\"gspb-buttonbox-text\"><span class=\"gspb-buttonbox-title\">Produkte ansehen<\/span><\/span><\/span><\/a><\/div>\n<\/div>\n\n\n\n<div class=\"wp-block-greenshift-blocks-row-column gspb_row__col--6 gspb_col-id-gsbp-c0774bd\" id=\"gspb_col-id-gsbp-c0774bd\">\n<div class=\"wp-block-greenshift-blocks-image gspb_image gspb_image-id-gsbp-90726b5\" id=\"gspb_image-id-gsbp-90726b5\"><img decoding=\"async\" src=\"https:\/\/campare.net\/wp-content\/uploads\/images\/product2-cta.jpeg\" data-src=\"\" alt=\"images - product2 cta\" loading=\"lazy\" width=\"2048\" height=\"2048\"\/><div><svg xmlns=\"http:\/\/www.w3.org\/2000\/svg\" width=\"200\" height=\"200\" fill=\"none\" viewbox=\"0 0 58 47\"><clippath id=\"clipgsbp-90726b5\" clippathunits=\"objectBoundingBox\"><path d=\"M16.6 7.9c-3.3-6 7.4-9.1 13.7-4.5 9.8-7 21.1 1.6 16.1 8.2C55.9 8 62.2 23 51.2 25.3c3.9 14.6-9 13-13.3 9.7 6.3 7.5-6 12.4-12.1 8-5.8 5.6-21.6 3.5-17-5C.4 39.9-4.8 22.9 7.5 20.7c-6.2-6-3.6-13.6 9.1-12.8Z\"\/><\/clippath><\/svg><\/div><\/div>\n<\/div>\n <\/div><\/div>","protected":false},"excerpt":{"rendered":"","protected":false},"author":1,"featured_media":0,"parent":0,"menu_order":0,"comment_status":"closed","ping_status":"closed","template":"","meta":{"_gspb_post_css":".gspb_container-id-gsbp-bdd2e83{flex-direction:column;box-sizing:border-box}#gspb_container-id-gsbp-bdd2e83.gspb_container>p:last-of-type{margin-bottom:0}#gspb_container-id-gsbp-bdd2e83.gspb_container{position:relative;display:flex;flex-direction:column;justify-content:center;align-items:center;margin-top:50px;margin-bottom:60px;overflow:hidden}@media (max-width:991.98px){#gspb_container-id-gsbp-bdd2e83.gspb_container{margin-top:30px;margin-bottom:40px}}#gspb_container-id-gsbp-bdd2e83.gspb_container,#gspb_container-id-gsbp-bdd2e83.gspb_container>.gspb_backgroundOverlay{border-top-left-radius:30px;border-top-right-radius:30px;border-bottom-right-radius:30px;border-bottom-left-radius:30px}@media (max-width:991.98px){#gspb_container-id-gsbp-bdd2e83.gspb_container{border-top-left-radius:20px;border-top-right-radius:20px;border-bottom-right-radius:20px;border-bottom-left-radius:20px}}@media (max-width:991.98px){#gspb_container-id-gsbp-bdd2e83.gspb_container>.gspb_backgroundOverlay{border-top-left-radius:20px;border-top-right-radius:20px;border-bottom-right-radius:20px;border-bottom-left-radius:20px}}#gspb_container-id-gsbp-bdd2e83.gspb_container{background-size:cover;background-repeat:no-repeat;background-position:83% 54%;background-image:url(https:\/\/campare.net\/wp-content\/uploads\/images\/hero.jpeg);isolation:isolate;height:350px}#gspb_container-id-gsbp-bdd2e83.gspb_container:hover{background-size:cover}#gspb_container-id-gsbp-bdd2e83.gspb_container>.gspb_backgroundOverlay{position:absolute;top:0;left:0;width:100%;height:100%;z-index:-1;opacity:1;background-color:#15242082}@media (max-width:991.98px){#gspb_container-id-gsbp-bdd2e83.gspb_container{height:300px}}#gspb_heading-id-gsbp-55f1c58{font-size:25px;text-align:center!important;margin:0 auto 40px;max-width:800px}#gspb_heading-id-gsbp-55f1c58 .gsap-g-line{text-align:center!important}#gspb_row-id-gsbp-0537563>.gspb_row__content{display:flex;justify-content:space-between;margin:0 auto;width:100%;flex-wrap:wrap}div[id^=gspb_col-id]{box-sizing:border-box;position:relative;padding:var(--gs-row-column-padding, 15px min(3vw, 20px))}@media (max-width:575.98px){#gspb_row-id-gsbp-0537563>.gspb_row__content{row-gap:25px}}body.gspb-bodyfront #gspb_row-id-gsbp-0537563>.gspb_row__content{width:var(--theme-container-width, 1200px);max-width:var(--theme-normal-container-max-width, 1200px)}#gspb_col-id-gsbp-bbce5a3.gspb_row__col--6{width:calc(50% - 25px)}@media (max-width:991.98px){#gspb_col-id-gsbp-bbce5a3.gspb_row__col--6{width:calc(50% - 25px)}}@media (max-width:767.98px){#gspb_col-id-gsbp-bbce5a3.gspb_row__col--6{width:calc(50% - 25px)}}@media (max-width:575.98px){#gspb_col-id-gsbp-bbce5a3.gspb_row__col--6{width:100%}}.gspb_row #gspb_col-id-gsbp-197f00e.gspb_row__col--6,.gspb_row #gspb_col-id-gsbp-6e88949.gspb_row__col--6,.gspb_row #gspb_col-id-gsbp-7cd92c2.gspb_row__col--6,.gspb_row #gspb_col-id-gsbp-b636ecf.gspb_row__col--6,.gspb_row #gspb_col-id-gsbp-bbce5a3.gspb_row__col--6,.gspb_row #gspb_col-id-gsbp-c0774bd.gspb_row__col--6{padding:0}@media (max-width:575.98px){.gspb_text-id-gsbp-d53ce0e,.gspb_text-id-gsbp-d53ce0e .gsap-g-line{text-align:center!important}}#gspb_col-id-gsbp-6e88949.gspb_row__col--6{width:calc(50% - 25px)}@media (max-width:991.98px){#gspb_col-id-gsbp-6e88949.gspb_row__col--6{width:calc(50% - 25px)}}@media (max-width:767.98px){#gspb_col-id-gsbp-6e88949.gspb_row__col--6{width:calc(50% - 25px)}}@media (max-width:575.98px){#gspb_col-id-gsbp-6e88949.gspb_row__col--6{width:100%}}@media (max-width:575.98px){.gspb_text-id-gsbp-dddf9a5,.gspb_text-id-gsbp-dddf9a5 .gsap-g-line{text-align:center!important}}.gspb_text-id-gsbp-dddf9a5{margin-bottom:0!important}#gspb_row-id-gsbp-0537563,#gspb_row-id-gsbp-3db5d8d,#gspb_row-id-gsbp-472aee0{justify-content:space-between;margin-top:0;display:flex;flex-wrap:wrap;margin-bottom:50px}#gspb_row-id-gsbp-3db5d8d>.gspb_row__content{display:flex;justify-content:space-between;margin:0 auto;width:100%;flex-wrap:wrap}@media (max-width:575.98px){#gspb_row-id-gsbp-3db5d8d>.gspb_row__content{row-gap:25px}}#gspb_col-id-gsbp-197f00e.gspb_row__col--6{width:calc(50% - 25px)}@media (max-width:991.98px){#gspb_col-id-gsbp-197f00e.gspb_row__col--6{width:calc(50% - 25px)}}@media (max-width:767.98px){#gspb_col-id-gsbp-197f00e.gspb_row__col--6{width:calc(50% - 25px)}}@media (max-width:575.98px){#gspb_col-id-gsbp-197f00e.gspb_row__col--6{width:100%}}@media (max-width:575.98px){.gspb_text-id-gsbp-89d017c,.gspb_text-id-gsbp-89d017c .gsap-g-line{text-align:center!important}}#gspb_col-id-gsbp-b636ecf.gspb_row__col--6{width:calc(50% - 25px)}@media (max-width:991.98px){#gspb_col-id-gsbp-b636ecf.gspb_row__col--6{width:calc(50% - 25px)}}@media (max-width:767.98px){#gspb_col-id-gsbp-b636ecf.gspb_row__col--6{width:calc(50% - 25px)}}@media (max-width:575.98px){#gspb_col-id-gsbp-b636ecf.gspb_row__col--6{width:100%}}@media (max-width:575.98px){.gspb_text-id-gsbp-c1384dd,.gspb_text-id-gsbp-c1384dd .gsap-g-line{text-align:center!important}}.gspb_text-id-gsbp-c1384dd{margin-bottom:0!important}#gspb_row-id-gsbp-472aee0{align-content:center;margin-bottom:100px}#gspb_row-id-gsbp-472aee0>.gspb_row__content{display:flex;justify-content:space-between;margin:0 auto;width:100%;flex-wrap:wrap}.gspb_row{position:relative}@media (max-width:575.98px){#gspb_row-id-gsbp-472aee0>.gspb_row__content{row-gap:50px}}#gspb_row-id-gsbp-472aee0>.gspb_row__content{align-items:center}body.gspb-bodyfront #gspb_row-id-gsbp-3db5d8d>.gspb_row__content,body.gspb-bodyfront #gspb_row-id-gsbp-472aee0>.gspb_row__content{width:var(--theme-container-width, 1200px);max-width:var(--theme-normal-container-max-width, 1200px)}@media (max-width:991.98px){#gspb_row-id-gsbp-472aee0{margin-bottom:80px}}#gspb_col-id-gsbp-7cd92c2.gspb_row__col--6{width:calc(50% - 25px)}@media (max-width:991.98px){#gspb_col-id-gsbp-7cd92c2.gspb_row__col--6{width:calc(50% - 25px)}}@media (max-width:767.98px){#gspb_col-id-gsbp-7cd92c2.gspb_row__col--6{width:calc(50% - 25px)}}@media (max-width:575.98px){#gspb_col-id-gsbp-7cd92c2.gspb_row__col--6{width:100%}}@media (min-width:992px){body.gspb-bodyfront #gspb_col-id-gsbp-7cd92c2.gspb_row__col--6{width:calc(40% - 0px - 25px)}}#gspb_heading-id-gsbp-3e538a3{font-size:25px}@media (max-width:575.98px){#gspb_heading-id-gsbp-3e538a3,#gspb_heading-id-gsbp-3e538a3 .gsap-g-line{text-align:center!important}}#gspb_heading-id-gsbp-3e538a3{margin-top:0}@media (max-width:575.98px){.gspb_text-id-gsbp-97564a5,.gspb_text-id-gsbp-97564a5 .gsap-g-line{text-align:center!important}}.gspb_text-id-gsbp-97564a5{margin-bottom:40px!important}#gspb_button-id-gsbp-489e23f{display:flex;justify-content:flex-start}#gspb_button-id-gsbp-489e23f .gspb-buttonbox-text{display:flex;flex-direction:column}#gspb_button-id-gsbp-489e23f>.gspb-buttonbox{box-sizing:border-box}@media (max-width:575.98px){#gspb_button-id-gsbp-489e23f{justify-content:center}}#gspb_col-id-gsbp-c0774bd.gspb_row__col--6{width:calc(50% - 25px)}@media (max-width:991.98px){#gspb_col-id-gsbp-c0774bd.gspb_row__col--6{width:calc(50% - 25px)}}@media (max-width:767.98px){#gspb_col-id-gsbp-c0774bd.gspb_row__col--6{width:calc(50% - 25px)}}@media (max-width:575.98px){#gspb_col-id-gsbp-c0774bd.gspb_row__col--6{width:100%}}@media (min-width:992px){body.gspb-bodyfront #gspb_col-id-gsbp-c0774bd.gspb_row__col--6{width:calc(60% - 0px - 25px)}}#gspb_image-id-gsbp-90726b5 img{vertical-align:top;display:inline-block;box-sizing:border-box;max-width:100%;height:auto;clip-path:url(#clipgsbp-90726b5)}#gspb_image-id-gsbp-90726b5 svg clipPath{transform:scale(.017241379310344827,.02127659574468085)}#gspb_image-id-gsbp-90726b5 div:has(>svg),#gspb_image-id-gsbp-90726b5 svg{width:0;height:0}","iawp_total_views":20,"footnotes":""},"class_list":["post-16","page","type-page","status-publish","hentry"],"blocksy_meta":{"has_hero_section":"disabled","vertical_spacing_source":"custom","content_area_spacing":"none","styles_descriptor":{"styles":{"desktop":"","tablet":"","mobile":""},"google_fonts":[],"version":6}},"_links":{"self":[{"href":"https:\/\/campare.net\/de\/wp-json\/wp\/v2\/pages\/16","targetHints":{"allow":["GET"]}}],"collection":[{"href":"https:\/\/campare.net\/de\/wp-json\/wp\/v2\/pages"}],"about":[{"href":"https:\/\/campare.net\/de\/wp-json\/wp\/v2\/types\/page"}],"author":[{"embeddable":true,"href":"https:\/\/campare.net\/de\/wp-json\/wp\/v2\/users\/1"}],"replies":[{"embeddable":true,"href":"https:\/\/campare.net\/de\/wp-json\/wp\/v2\/comments?post=16"}],"version-history":[{"count":14,"href":"https:\/\/campare.net\/de\/wp-json\/wp\/v2\/pages\/16\/revisions"}],"predecessor-version":[{"id":1516,"href":"https:\/\/campare.net\/de\/wp-json\/wp\/v2\/pages\/16\/revisions\/1516"}],"wp:attachment":[{"href":"https:\/\/campare.net\/de\/wp-json\/wp\/v2\/media?parent=16"}],"curies":[{"name":"wp","href":"https:\/\/api.w.org\/{rel}","templated":true}]}}