{"id":1432,"date":"2025-02-03T22:13:38","date_gmt":"2025-02-03T21:13:38","guid":{"rendered":"https:\/\/campare.net\/?page_id=1432"},"modified":"2025-04-06T10:00:18","modified_gmt":"2025-04-06T08:00:18","slug":"kriterien","status":"publish","type":"page","link":"https:\/\/campare.net\/de\/kriterien\/","title":{"rendered":"Kriterien zum Camping-Produktvergleich"},"content":{"rendered":"<p>Es ist wichtig, die verschiedenen Kriterien zu verstehen, die Dir helfen Produkte zu filtern. Hier ist eine Aufschl\u00fcsselung, die Dir bei der Navigation hilft:<\/p>\n\n\n\n<p><strong>Produkttyp<\/strong> Beschreibt das Format des Dienstes.<\/p>\n\n\n\n<ul class=\"wp-block-list\">\n<li><strong>App:<\/strong> Eine spezielle Anwendung f\u00fcr Smartphone oder Tablet.<\/li>\n\n\n\n<li><strong>Webseite:<\/strong> Eine Seite, die \u00fcber einen Webbrowser zug\u00e4nglich ist.<\/li>\n\n\n\n<li><strong>Buch:<\/strong> Ein gedrucktes oder elektronisches Buch.<\/li>\n<\/ul>\n\n\n\n<p><strong>Unterst\u00fctzte Sprachen:<\/strong> Die Sprachen, in denen das Produkt verf\u00fcgbar ist.<\/p>\n\n\n\n<p><strong>Kosten des Produkts:<\/strong> Wie das Produkt oder die Dienstleistung bezahlt wird.<\/p>\n\n\n\n<ul class=\"wp-block-list\">\n<li><strong>Kostenlos:<\/strong> Die grundlegenden Funktionen sind kostenlos nutzbar. (Beispiel: Einige Apps bieten eine kostenlose Basissuche an)<\/li>\n\n\n\n<li><strong>Freemium:<\/strong> Bietet eine kostenlose Version mit eingeschr\u00e4nkten Funktionen und eine kostenpflichtige Version f\u00fcr vollen Zugriff. (Beispiel: Viele Apps schalten Premium-Funktionen per Abonnement frei)<\/li>\n\n\n\n<li><strong>Abo:<\/strong> Erfordert eine wiederkehrende Zahlung f\u00fcr den Zugriff. (Beispiel: Jahresabonnement f\u00fcr eine Campingplatz-Verzeichnis-Webseite)<\/li>\n\n\n\n<li><strong>Pay-Per-Use:<\/strong> Bezahlung f\u00fcr jede Buchung oder jeden genutzten Service. (Beispiel: Buchung eines bestimmten Campingplatzes \u00fcber eine Marktplatzplattform)<\/li>\n<\/ul>\n\n\n\n<p><strong>Abgedeckte Campingziele:<\/strong> Wo das Produkt dabei hilft, Campingpl\u00e4tze zu finden.<\/p>\n\n\n\n<p><strong>Angebotene Campingunterk\u00fcnfte:<\/strong> Arten von Camping, f\u00fcr die dieses Produkt geeignet ist.<\/p>\n\n\n\n<ul class=\"wp-block-list\">\n<li><strong>Zelt:<\/strong> Ausgewiesene Zeltpl\u00e4tze.<\/li>\n\n\n\n<li><strong>Campervan:<\/strong> Stellpl\u00e4tze, die f\u00fcr mittelgro\u00dfe Fahrzeuge geeignet sind.<\/li>\n\n\n\n<li><strong>Motorhome:<\/strong> Stellpl\u00e4tze, die f\u00fcr gr\u00f6\u00dfere Fahrzeuge geeignet sind.<\/li>\n\n\n\n<li><strong>Caravan:<\/strong> Stellpl\u00e4tze f\u00fcr Wohnwagen.<\/li>\n\n\n\n<li><strong>H\u00fctte:<\/strong> Einfache Unterk\u00fcnfte oder einzigartige Mietunterk\u00fcnfte.<\/li>\n<\/ul>\n\n\n\n<p><strong>Angebotene Campingspots:<\/strong> Die Art der vorgestellten Campingpl\u00e4tze.<\/p>\n\n\n\n<ul class=\"wp-block-list\">\n<li><strong>Campingplatz:<\/strong> Offizielle Campingpl\u00e4tze mit markierten Stellpl\u00e4tzen.<\/li>\n\n\n\n<li><strong>Stellpl\u00e4tze:<\/strong> Bereiche zum Campen au\u00dferhalb von offiziellen Campingpl\u00e4tzen.<\/li>\n<\/ul>\n\n\n\n<p><strong>Preisspanne f\u00fcr \u00dcbernachtungen:<\/strong> Informationen zu den Preisen an den aufgef\u00fchrten Standorten.<\/p>\n\n\n\n<ul class=\"wp-block-list\">\n<li><strong>Kostenlos:<\/strong> Kostenlose Campingm\u00f6glichkeiten.<\/li>\n\n\n\n<li><strong>Kostenpflichtig:<\/strong> Stellpl\u00e4tze, die kostenpflichtig sind.<\/li>\n\n\n\n<li><strong>Spende:<\/strong> Stellpl\u00e4tze, die um Spenden anstelle von festen Geb\u00fchren bitten.<\/li>\n<\/ul>\n\n\n\n<p><strong>Unterst\u00fctzte Buchungsoptionen:<\/strong> Wie Sie \u00fcber die Plattform buchen k\u00f6nnen.<\/p>\n\n\n\n<ul class=\"wp-block-list\">\n<li><strong>Direkt:<\/strong> Sofortbuchung \u00fcber die Plattform.<\/li>\n\n\n\n<li><strong>Anfrage:<\/strong> Kontaktiere den Gastgeber f\u00fcr Verf\u00fcgbarkeit und Buchung.<\/li>\n\n\n\n<li><strong>Extern:<\/strong> Bietet nur Informationen, die Buchung erfolgt extern.<\/li>\n<\/ul>\n\n\n\n<p><strong>Servicetyp:<\/strong> Die Art der angebotenen Dienstleistung.<\/p>\n\n\n\n<ul class=\"wp-block-list\">\n<li><strong>Marktplatz:<\/strong> Verbindet Camper mit verschiedenen Gastgebern f\u00fcr Unterk\u00fcnfte.<\/li>\n\n\n\n<li><strong>Netzwerk:<\/strong> Verbindet Mitglieder mit speziellen Campingerlebnissen (z.B. Bauernhofaufenthalte).<\/li>\n\n\n\n<li><strong>Plattform:<\/strong> Bietet ein Verzeichnis von Campingm\u00f6glichkeiten mit wesentlichen Details.<\/li>\n\n\n\n<li><strong>Betreiber:<\/strong> Verwaltet und betreibt eigene Campinganlagen.<\/li>\n<\/ul>\n\n\n\n<p><strong>Anzahl an Eintr\u00e4gen:<\/strong> Ungef\u00e4hre Anzahl der aufgef\u00fchrten Campingm\u00f6glichkeiten.<\/p>\n\n\n\n<p><strong>Anzahl an App Downloads:<\/strong> Beliebtheitsindikator f\u00fcr Apps.<\/p>\n\n\n\n<p><strong>Durchschnittliche App Store Bewertung:<\/strong> Nutzerfeedback in App-Stores.<\/p>\n\n\n\n<p><strong>Anzahl an Followern:<\/strong> Social-Media-Follower, die das Engagement der Community anzeigen.<\/p>\n\n\n\n<p><strong>Gr\u00fcndungsland:<\/strong> Standort des Unternehmens oder der Organisation.<\/p>\n\n\n\n<p><strong>Gr\u00fcndungsjahr:<\/strong> Wann der Dienst gegr\u00fcndet wurde.<\/p>","protected":false},"excerpt":{"rendered":"<p>It&#8217;s important to understand the different criteria that help you filter down products. Here&#8217;s a breakdown to help you navigate: Product Type: This tells you the format of the service. Supported Languages: The languages in which the product is available. Product Pricing: How the product or service is paid for. Camping Destinations Covered: Where the [&hellip;]<\/p>\n","protected":false},"author":1,"featured_media":0,"parent":0,"menu_order":0,"comment_status":"closed","ping_status":"closed","template":"","meta":{"_gspb_post_css":"","iawp_total_views":13,"footnotes":""},"class_list":["post-1432","page","type-page","status-publish","hentry"],"blocksy_meta":[],"_links":{"self":[{"href":"https:\/\/campare.net\/de\/wp-json\/wp\/v2\/pages\/1432","targetHints":{"allow":["GET"]}}],"collection":[{"href":"https:\/\/campare.net\/de\/wp-json\/wp\/v2\/pages"}],"about":[{"href":"https:\/\/campare.net\/de\/wp-json\/wp\/v2\/types\/page"}],"author":[{"embeddable":true,"href":"https:\/\/campare.net\/de\/wp-json\/wp\/v2\/users\/1"}],"replies":[{"embeddable":true,"href":"https:\/\/campare.net\/de\/wp-json\/wp\/v2\/comments?post=1432"}],"version-history":[{"count":6,"href":"https:\/\/campare.net\/de\/wp-json\/wp\/v2\/pages\/1432\/revisions"}],"predecessor-version":[{"id":1531,"href":"https:\/\/campare.net\/de\/wp-json\/wp\/v2\/pages\/1432\/revisions\/1531"}],"wp:attachment":[{"href":"https:\/\/campare.net\/de\/wp-json\/wp\/v2\/media?parent=1432"}],"curies":[{"name":"wp","href":"https:\/\/api.w.org\/{rel}","templated":true}]}}