{"id":1093,"date":"2024-05-22T13:29:27","date_gmt":"2024-05-22T13:29:27","guid":{"rendered":"https:\/\/startersites.io\/blocksy\/furniture\/?page_id=3"},"modified":"2025-04-06T09:51:38","modified_gmt":"2025-04-06T07:51:38","slug":"datenschutz","status":"publish","type":"page","link":"https:\/\/campare.net\/de\/datenschutz\/","title":{"rendered":"Datenschutzerkl\u00e4rung"},"content":{"rendered":"<h2 class=\"wp-block-heading\" id=\"who-we-are\">Wer wir sind<\/h2>\n\n\n\n<p>Unsere Internetadresse ist: https:\/\/campare.net<\/p>\n\n\n\n<p class=\"translation-block\">Bitte schau ins <a href=\"\/de\/impressum\/\" data-type=\"page\" data-id=\"1135\" target=\"_self\">Impressum<\/a> f\u00fcr detaillierte Informationen.<\/p>\n\n\n\n<h2 class=\"wp-block-heading\" id=\"comments\">Kommentare<\/h2>\n\n\n\n<p>Wenn Du Kommentare auf der Website hinterl\u00e4sst, erfassen wir die Daten, die im Kommentarformular angezeigt werden, sowie Deine IP-Adresse und den Browser-User-Agent-String, um die Spamerkennung zu unterst\u00fctzen.<\/p>\n\n\n\n<p>Eine anonymisierte Zeichenfolge, die aus Deiner E-Mail-Adresse erstellt wird (auch Hash genannt), kann dem Gravatar-Dienst zur Verf\u00fcgung gestellt werden, um zu  pr\u00fcfen, ob Du diesen nutzt. Die Datenschutzrichtlinie des Gravatar-Dienstes findest Du hier: https:\/\/automattic.com\/privacy\/. Nach Genehmigung Deines Kommentars ist Dein Profilbild im Kontext Deines Kommentars \u00f6ffentlich sichtbar.<\/p>\n\n\n\n<h2 class=\"wp-block-heading\" id=\"reviews\">Bewertungen<\/h2>\n\n\n\n<p>Wenn Du Bewertungen auf der Website hinterl\u00e4sst, erfassen wir die Daten, die im Bewertungsformular angezeigt werden, sowie Deine IP-Adresse und den Browser-User-Agent-String, um die Spamerkennung zu unterst\u00fctzen.<\/p>\n\n\n\n<h2 class=\"wp-block-heading\" id=\"media\">Medien<\/h2>\n\n\n\n<p>Wenn Du Bilder auf die Website hochl\u00e4dst, solltest Du vermeiden, Bilder mit eingebetteten Standortdaten (EXIF GPS) hochzuladen. Besucher der Website k\u00f6nnen alle Standortdaten aus Bildern auf der Website herunterladen und extrahieren.<\/p>\n\n\n\n<h2 class=\"wp-block-heading\" id=\"cookies\">Cookies<\/h2>\n\n\n\n<p>Diese Website verwendet die Privacy Suite f\u00fcr WordPress von Complianz, um Browser- und Ger\u00e4te-basierte Einwilligungen zu erfassen und aufzuzeichnen. F\u00fcr diese Funktionalit\u00e4t wird Deine IP-Adresse anonymisiert und in unserer Datenbank gespeichert. Dieser Dienst verarbeitet keine pers\u00f6nlich identifizierbaren Informationen und teilt keine Daten mit dem Dienstanbieter. Weitere Informationen finden Sie in der Complianz <a href=\"https:\/\/complianz.io\/legal\/privacy-statement\/\" target=\"_blank\" rel=\"noopener\">Datenschutzerkl\u00e4rung<\/a>.<\/p>\n\n\n\n<p>F\u00fcr detaillierte Informationen zu unserer Cookie-Richtlinie, siehe <a href=\"https:\/\/campare.net\/de\/cookie\/\" data-type=\"page\" data-id=\"1258\">Cookie-Richtlinie<\/a>.<\/p>\n\n\n\n<h2 class=\"wp-block-heading\" id=\"analytics\">Statistiken<\/h2>\n\n\n\n<p>Diese Website verwendet Independent Analytics, ein datenschutzfreundliches Statistiktool, um das Besucherverhalten zu analysieren. F\u00fcr diese Funktionalit\u00e4t erfassen wir (diese Website) anonymisierte Daten, die lokal gespeichert werden, ohne sie mit Dritten zu teilen. F\u00fcr weitere Informationen lies bitte die <a href=\"https:\/\/independentwp.com\/privacy-policy\/\" target=\"_blank\" rel=\"noopener\">Datenschutzerkl\u00e4rung <\/a>von Independent Analytics.<\/p>\n\n\n\n<h2 class=\"wp-block-heading\" id=\"embedded-content-from-other-websites\">Eingebettete Inhalte von anderen Websites<\/h2>\n\n\n\n<p>Artikel auf dieser Website k\u00f6nnen eingebettete Inhalte (z. B. Videos, Bilder, Artikel usw.) enthalten. Eingebettete Inhalte von anderen Websites verhalten sich genau so, als ob Du die andere Website besucht h\u00e4ttest.<\/p>\n\n\n\n<p>Diese Websites k\u00f6nnen Daten \u00fcber Dich sammeln, Cookies verwenden, zus\u00e4tzliches Tracking von Drittanbietern einbetten und Deine Interaktion mit diesen eingebetteten Inhalten \u00fcberwachen, einschlie\u00dflich der Verfolgung Deiner Interaktion mit den eingebetteten Inhalten, wenn Du ein Konto hast und auf dieser Website angemeldet bist.<\/p>\n\n\n\n<h2 class=\"wp-block-heading\" id=\"who-we-share-your-data-with\">Mit wem wir Deine Daten teilen<\/h2>\n\n\n\n<p>Besucherkommentare k\u00f6nnen durch einen automatisierten Spamerkennungsdienst \u00fcberpr\u00fcft werden.<\/p>\n\n\n\n<h2 class=\"wp-block-heading\" id=\"who-on-our-team-has-access\">Wer in unserem Team Zugriff hat<\/h2>\n\n\n\n<p>Mitglieder unseres Teams haben Zugriff auf die Informationen, die Du uns zur Verf\u00fcgung stellst. Dazu geh\u00f6ren beispielsweise unsere Website-Administratoren.<\/p>\n\n\n\n<p>Unsere Teammitglieder haben Zugriff auf diese Informationen, um Dich zu unterst\u00fctzen.<\/p>\n\n\n\n<h2 class=\"wp-block-heading\" id=\"how-long-we-retain-your-data\">Wie lange wir Deine Daten speichern<\/h2>\n\n\n\n<p>Im Allgemeinen speichern wir Informationen \u00fcber Dich so lange, wie wir die Informationen f\u00fcr die Zwecke ben\u00f6tigen, f\u00fcr die wir sie erfassen und verwenden, und wir nicht gesetzlich verpflichtet sind, sie weiterhin aufzubewahren.<\/p>\n\n\n\n<p>Wenn Du einen Kommentar hinterl\u00e4sst, werden der Kommentar und seine Metadaten auf unbestimmte Zeit gespeichert. Dies dient dazu, Folgekommentare automatisch zu erkennen und freizugeben, anstatt sie in einer Moderationswarteschlange zu halten.<\/p>\n\n\n\n<p>Kontaktformular-Eintr\u00e4ge werden sechs Monate lang aufbewahrt, Statistik-Datens\u00e4tze ein Jahr lang.<\/p>\n\n\n\n<h2 class=\"wp-block-heading\" id=\"what-rights-you-have-over-your-data\">Welche Rechte Du an Deinen Daten hast<\/h2>\n\n\n\n<p>Wenn Du Kommentare oder Bewertungen hinterlassen hast, kannst Du eine exportierte Datei der personenbezogenen Daten anfordern, die wir \u00fcber Dich gespeichert haben, einschlie\u00dflich aller Daten, die Du uns zur Verf\u00fcgung gestellt hast. Du kannst auch verlangen, dass wir alle personenbezogenen Daten l\u00f6schen, die wir \u00fcber Dich gespeichert haben. Dies schlie\u00dft keine Daten ein, die wir aufgrund administrativer, rechtlicher oder Sicherheitszwecke aufbewahren m\u00fcssen.<\/p>","protected":false},"excerpt":{"rendered":"<p>Who we are Our website address is: https:\/\/campare.net. Please see Legal notice for detailed information. Comments When you leave comments on the site we collect the data shown in the comments form, and also your IP address and browser user agent string to help spam detection. An anonymized string created from your email address (also [&hellip;]<\/p>\n","protected":false},"author":1,"featured_media":0,"parent":0,"menu_order":0,"comment_status":"closed","ping_status":"closed","template":"","meta":{"_gspb_post_css":"","iawp_total_views":4,"footnotes":""},"class_list":["post-1093","page","type-page","status-publish","hentry"],"blocksy_meta":[],"_links":{"self":[{"href":"https:\/\/campare.net\/de\/wp-json\/wp\/v2\/pages\/1093","targetHints":{"allow":["GET"]}}],"collection":[{"href":"https:\/\/campare.net\/de\/wp-json\/wp\/v2\/pages"}],"about":[{"href":"https:\/\/campare.net\/de\/wp-json\/wp\/v2\/types\/page"}],"author":[{"embeddable":true,"href":"https:\/\/campare.net\/de\/wp-json\/wp\/v2\/users\/1"}],"replies":[{"embeddable":true,"href":"https:\/\/campare.net\/de\/wp-json\/wp\/v2\/comments?post=1093"}],"version-history":[{"count":7,"href":"https:\/\/campare.net\/de\/wp-json\/wp\/v2\/pages\/1093\/revisions"}],"predecessor-version":[{"id":1525,"href":"https:\/\/campare.net\/de\/wp-json\/wp\/v2\/pages\/1093\/revisions\/1525"}],"wp:attachment":[{"href":"https:\/\/campare.net\/de\/wp-json\/wp\/v2\/media?parent=1093"}],"curies":[{"name":"wp","href":"https:\/\/api.w.org\/{rel}","templated":true}]}}